{"id":33513,"date":"2026-02-24T18:41:09","date_gmt":"2026-02-24T17:41:09","guid":{"rendered":"https:\/\/tecnoanimal.com\/pet-straight-handle-stainless-steel-nail-scissors-dog-and-cat-pet-nail-clipper-cleaning-tool-pet-nail-clipper-set"},"modified":"2026-02-26T17:06:51","modified_gmt":"2026-02-26T16:06:51","slug":"tijeras-cortaunas-de-acero-inoxidable-con-mango-recto-para-perros-y-gatos-herramienta-de-limpieza-set-de-cortaunas-para-mascotas","status":"publish","type":"product","link":"https:\/\/tecnoanimal.com\/en\/tijeras-cortaunas-de-acero-inoxidable-con-mango-recto-para-perros-y-gatos-herramienta-de-limpieza-set-de-cortaunas-para-mascotas","title":{"rendered":"Tijeras corta\u00fa\u00f1as de acero inoxidable"},"content":{"rendered":"<article class=\"text-token-text-primary w-full focus:outline-none [--shadow-height:45px] has-data-writing-block:pointer-events-none has-data-writing-block:-mt-(--shadow-height) has-data-writing-block:pt-(--shadow-height) [&amp;:has([data-writing-block])&gt;*]:pointer-events-auto scroll-mt-(--header-height)\" dir=\"auto\" tabindex=\"-1\" data-turn-id=\"6c6db378-5ee0-4e0a-b4d2-c3c43d4b2425\" data-testid=\"conversation-turn-21\" data-scroll-anchor=\"false\" data-turn=\"user\">\n<div class=\"text-base my-auto mx-auto pt-12 [--thread-content-margin:--spacing(4)] @w-sm\/main:[--thread-content-margin:--spacing(6)] @w-lg\/main:[--thread-content-margin:--spacing(16)] px-(--thread-content-margin)\">\n<div class=\"[--thread-content-max-width:40rem] @w-lg\/main:[--thread-content-max-width:48rem] mx-auto max-w-(--thread-content-max-width) flex-1 group\/turn-messages focus-visible:outline-hidden relative flex w-full min-w-0 flex-col\" tabindex=\"-1\">\n<div class=\"flex max-w-full flex-col grow\">\n<div class=\"min-h-8 text-message relative flex w-full flex-col items-end gap-2 text-start break-words whitespace-normal [.text-message+&amp;]:mt-1\" dir=\"auto\" data-message-author-role=\"user\" data-message-id=\"6c6db378-5ee0-4e0a-b4d2-c3c43d4b2425\">\n<div class=\"flex w-full flex-col gap-1 empty:hidden items-end rtl:items-start\">\n<div class=\"user-message-bubble-color corner-superellipse\/1.1 relative rounded-[18px] px-4 py-1.5 data-[multiline]:py-3 max-w-[var(--user-chat-width,70%)]\" data-multiline=\"\">\n<div class=\"whitespace-pre-wrap\"><span style=\"font-size: 16px;\">ESPECIFICACIONES<\/span><\/div>\n<\/div>\n<\/div>\n<\/div>\n<\/div>\n<\/div>\n<\/div>\n<\/article>\n<article class=\"text-token-text-primary w-full focus:outline-none [--shadow-height:45px] has-data-writing-block:pointer-events-none has-data-writing-block:-mt-(--shadow-height) has-data-writing-block:pt-(--shadow-height) [&amp;:has([data-writing-block])&gt;*]:pointer-events-auto scroll-mt-[calc(var(--header-height)+min(200px,max(70px,20svh)))]\" dir=\"auto\" tabindex=\"-1\" data-turn-id=\"request-699dd49c-8914-8331-9aad-53ba78575ee9-3\" data-testid=\"conversation-turn-22\" data-scroll-anchor=\"true\" data-turn=\"assistant\">\n<div class=\"text-base my-auto mx-auto pb-10 [--thread-content-margin:--spacing(4)] @w-sm\/main:[--thread-content-margin:--spacing(6)] @w-lg\/main:[--thread-content-margin:--spacing(16)] px-(--thread-content-margin)\">\n<div class=\"[--thread-content-max-width:40rem] @w-lg\/main:[--thread-content-max-width:48rem] mx-auto max-w-(--thread-content-max-width) flex-1 group\/turn-messages focus-visible:outline-hidden relative flex w-full min-w-0 flex-col agent-turn\" tabindex=\"-1\">\n<div class=\"flex max-w-full flex-col grow\">\n<div class=\"min-h-8 text-message relative flex w-full flex-col items-end gap-2 text-start break-words whitespace-normal [.text-message+&amp;]:mt-1\" dir=\"auto\" data-message-author-role=\"assistant\" data-message-id=\"3b9d9b94-458f-480e-a203-74074501acb9\" data-message-model-slug=\"gpt-5-2\">\n<div class=\"flex w-full flex-col gap-1 empty:hidden first:pt-[1px]\">\n<div class=\"markdown prose dark:prose-invert w-full wrap-break-word dark markdown-new-styling\">\n<p data-start=\"38\" data-end=\"50\">Opci\u00f3n: S\u00ed<\/p>\n<p data-start=\"52\" data-end=\"101\">Sustancia qu\u00edmica de alta preocupaci\u00f3n: Ninguna<\/p>\n<p data-start=\"103\" data-end=\"132\">Tipo de art\u00edculo: Corta\u00fa\u00f1as<\/p>\n<p data-start=\"134\" data-end=\"162\">Material: Acero inoxidable<\/p>\n<p data-start=\"164\" data-end=\"191\">Origen: China continental<\/p>\n<p data-start=\"193\" data-end=\"205\" data-is-last-node=\"\" data-is-only-node=\"\">Tipo: Perros<\/p>\n<\/div>\n<\/div>\n<\/div>\n<\/div>\n<\/div>\n<\/div>\n<\/article>\n<p>&nbsp;<\/p>\n<p><img data-recalc-dims=\"1\" fetchpriority=\"high\" decoding=\"async\" src=\"https:\/\/i0.wp.com\/ae01.alicdn.com\/kf\/S92b7d8c2c26d4672b71a2a66173a9cfc8.jpg?resize=803%2C1070&#038;ssl=1\" width=\"803\" height=\"1070\" \/><img data-recalc-dims=\"1\" decoding=\"async\" src=\"https:\/\/i0.wp.com\/ae01.alicdn.com\/kf\/S234509a3bb8349feb8be7331dbea51d54.jpg?ssl=1\" \/><img data-recalc-dims=\"1\" decoding=\"async\" src=\"https:\/\/i0.wp.com\/ae01.alicdn.com\/kf\/S96c5732c657f498190e54360e606daf4n.jpg?ssl=1\" \/><img data-recalc-dims=\"1\" decoding=\"async\" src=\"https:\/\/i0.wp.com\/ae01.alicdn.com\/kf\/Se279d0ddecff4b7d92edef242198d087S.jpg?ssl=1\" \/><img data-recalc-dims=\"1\" decoding=\"async\" src=\"https:\/\/i0.wp.com\/ae01.alicdn.com\/kf\/Sfdc94eb71c214eed9451d8756e86e8e7p.jpg?ssl=1\" \/><img data-recalc-dims=\"1\" decoding=\"async\" src=\"https:\/\/i0.wp.com\/ae01.alicdn.com\/kf\/S0bcc3067bc8343849bf2c1b51fa15407d.jpg?ssl=1\" \/><img data-recalc-dims=\"1\" decoding=\"async\" src=\"https:\/\/i0.wp.com\/ae01.alicdn.com\/kf\/S6674621954da47fea7924db20cf3deach.jpg?ssl=1\" \/><img data-recalc-dims=\"1\" decoding=\"async\" src=\"https:\/\/i0.wp.com\/ae01.alicdn.com\/kf\/S617c658b11884b0db351f4a43c14c09eB.jpg?ssl=1\" \/><img data-recalc-dims=\"1\" decoding=\"async\" src=\"https:\/\/i0.wp.com\/ae01.alicdn.com\/kf\/S2d1fa9cf24f74ac98b39e7df0ef8bf756.jpg?ssl=1\" \/><img data-recalc-dims=\"1\" decoding=\"async\" src=\"https:\/\/i0.wp.com\/ae01.alicdn.com\/kf\/S79d8ea01fc754c788cda8bb70db91671l.jpg?ssl=1\" \/><img data-recalc-dims=\"1\" decoding=\"async\" src=\"https:\/\/i0.wp.com\/ae01.alicdn.com\/kf\/S2c19360835904d1fbbc945969be95019z.jpg?ssl=1\" \/><img data-recalc-dims=\"1\" decoding=\"async\" src=\"https:\/\/i0.wp.com\/ae01.alicdn.com\/kf\/S0350e93d4d734622b8209373fa1e2ef3Q.jpg?ssl=1\" \/><\/p>\n","protected":false},"excerpt":{"rendered":"<p>ESPECIFICACIONES Opci\u00f3n: S\u00ed Sustancia qu\u00edmica de alta preocupaci\u00f3n: Ninguna Tipo de art\u00edculo: Corta\u00fa\u00f1as Material: Acero inoxidable Origen: China continental Tipo: Perros &nbsp;<\/p>","protected":false},"featured_media":33501,"comment_status":"open","ping_status":"closed","template":"","meta":{"site-sidebar-layout":"default","site-content-layout":"","ast-site-content-layout":"default","site-content-style":"default","site-sidebar-style":"default","ast-global-header-display":"","ast-banner-title-visibility":"","ast-main-header-display":"","ast-hfb-above-header-display":"","ast-hfb-below-header-display":"","ast-hfb-mobile-header-display":"","site-post-title":"","ast-breadcrumbs-content":"","ast-featured-img":"","footer-sml-layout":"","ast-disable-related-posts":"","theme-transparent-header-meta":"default","adv-header-id-meta":"","stick-header-meta":"","header-above-stick-meta":"","header-main-stick-meta":"","header-below-stick-meta":"","astra-migrate-meta-layouts":"set","ast-page-background-enabled":"default","ast-page-background-meta":{"desktop":{"background-color":"","background-image":"","background-repeat":"repeat","background-position":"center center","background-size":"auto","background-attachment":"scroll","background-type":"","background-media":"","overlay-type":"","overlay-color":"","overlay-opacity":"","overlay-gradient":""},"tablet":{"background-color":"","background-image":"","background-repeat":"repeat","background-position":"center center","background-size":"auto","background-attachment":"scroll","background-type":"","background-media":"","overlay-type":"","overlay-color":"","overlay-opacity":"","overlay-gradient":""},"mobile":{"background-color":"","background-image":"","background-repeat":"repeat","background-position":"center center","background-size":"auto","background-attachment":"scroll","background-type":"","background-media":"","overlay-type":"","overlay-color":"","overlay-opacity":"","overlay-gradient":""}},"ast-content-background-meta":{"desktop":{"background-color":"var(--ast-global-color-5)","background-image":"","background-repeat":"repeat","background-position":"center center","background-size":"auto","background-attachment":"scroll","background-type":"","background-media":"","overlay-type":"","overlay-color":"","overlay-opacity":"","overlay-gradient":""},"tablet":{"background-color":"var(--ast-global-color-5)","background-image":"","background-repeat":"repeat","background-position":"center center","background-size":"auto","background-attachment":"scroll","background-type":"","background-media":"","overlay-type":"","overlay-color":"","overlay-opacity":"","overlay-gradient":""},"mobile":{"background-color":"var(--ast-global-color-5)","background-image":"","background-repeat":"repeat","background-position":"center center","background-size":"auto","background-attachment":"scroll","background-type":"","background-media":"","overlay-type":"","overlay-color":"","overlay-opacity":"","overlay-gradient":""}}},"product_brand":[],"product_cat":[198],"product_tag":[1158,134,176,85],"class_list":{"0":"post-33513","1":"product","2":"type-product","3":"status-publish","4":"has-post-thumbnail","6":"product_cat-cortaunas","7":"product_tag-aseo","8":"product_tag-cortaunas","9":"product_tag-higiene","10":"product_tag-perro","11":"desktop-align-left","12":"tablet-align-left","13":"mobile-align-left","15":"first","16":"instock","17":"taxable","18":"shipping-taxable","19":"product-type-variable"},"yoast_head":"<!-- This site is optimized with the Yoast SEO plugin v27.4 - https:\/\/yoast.com\/product\/yoast-seo-wordpress\/ -->\n<title>Tijeras corta\u00fa\u00f1as de acero inoxidable - TECNOANIMAL<\/title>\n<meta name=\"description\" content=\"Corta\u00fa\u00f1as para perros y gatos fabricado en acero inoxidable de alta calidad, con mango recto para un corte preciso y seguro.\" \/>\n<meta name=\"robots\" content=\"index, follow, max-snippet:-1, max-image-preview:large, max-video-preview:-1\" \/>\n<link rel=\"canonical\" href=\"https:\/\/tecnoanimal.com\/en\/tijeras-cortaunas-de-acero-inoxidable-con-mango-recto-para-perros-y-gatos-herramienta-de-limpieza-set-de-cortaunas-para-mascotas\/\" \/>\n<meta property=\"og:locale\" content=\"en_GB\" \/>\n<meta property=\"og:type\" content=\"article\" \/>\n<meta property=\"og:title\" content=\"Tijeras corta\u00fa\u00f1as de acero inoxidable - TECNOANIMAL\" \/>\n<meta property=\"og:description\" content=\"Corta\u00fa\u00f1as para perros y gatos fabricado en acero inoxidable de alta calidad, con mango recto para un corte preciso y seguro.\" \/>\n<meta property=\"og:url\" content=\"https:\/\/tecnoanimal.com\/en\/tijeras-cortaunas-de-acero-inoxidable-con-mango-recto-para-perros-y-gatos-herramienta-de-limpieza-set-de-cortaunas-para-mascotas\/\" \/>\n<meta property=\"og:site_name\" content=\"TECNOANIMAL\" \/>\n<meta property=\"article:modified_time\" content=\"2026-02-26T16:06:51+00:00\" \/>\n<meta property=\"og:image\" content=\"https:\/\/tecnoanimal.com\/wp-content\/uploads\/2026\/02\/S234509a3bb8349feb8be7331dbea51d54.webp\" \/>\n\t<meta property=\"og:image:width\" content=\"800\" \/>\n\t<meta property=\"og:image:height\" content=\"800\" \/>\n\t<meta property=\"og:image:type\" content=\"image\/webp\" \/>\n<meta name=\"twitter:card\" content=\"summary_large_image\" \/>\n<meta name=\"twitter:label1\" content=\"Estimated reading time\" \/>\n\t<meta name=\"twitter:data1\" content=\"3 minutes\" \/>\n<script type=\"application\/ld+json\" class=\"yoast-schema-graph\">{\"@context\":\"https:\\\/\\\/schema.org\",\"@graph\":[{\"@type\":\"WebPage\",\"@id\":\"https:\\\/\\\/tecnoanimal.com\\\/tijeras-cortaunas-de-acero-inoxidable-con-mango-recto-para-perros-y-gatos-herramienta-de-limpieza-set-de-cortaunas-para-mascotas\",\"url\":\"https:\\\/\\\/tecnoanimal.com\\\/tijeras-cortaunas-de-acero-inoxidable-con-mango-recto-para-perros-y-gatos-herramienta-de-limpieza-set-de-cortaunas-para-mascotas\",\"name\":\"Tijeras corta\u00fa\u00f1as de acero inoxidable - TECNOANIMAL\",\"isPartOf\":{\"@id\":\"https:\\\/\\\/tecnoanimal.com\\\/#website\"},\"primaryImageOfPage\":{\"@id\":\"https:\\\/\\\/tecnoanimal.com\\\/tijeras-cortaunas-de-acero-inoxidable-con-mango-recto-para-perros-y-gatos-herramienta-de-limpieza-set-de-cortaunas-para-mascotas#primaryimage\"},\"image\":{\"@id\":\"https:\\\/\\\/tecnoanimal.com\\\/tijeras-cortaunas-de-acero-inoxidable-con-mango-recto-para-perros-y-gatos-herramienta-de-limpieza-set-de-cortaunas-para-mascotas#primaryimage\"},\"thumbnailUrl\":\"https:\\\/\\\/i0.wp.com\\\/tecnoanimal.com\\\/wp-content\\\/uploads\\\/2026\\\/02\\\/S234509a3bb8349feb8be7331dbea51d54.webp?fit=800%2C800&ssl=1\",\"datePublished\":\"2026-02-24T17:41:09+00:00\",\"dateModified\":\"2026-02-26T16:06:51+00:00\",\"description\":\"Corta\u00fa\u00f1as para perros y gatos fabricado en acero inoxidable de alta calidad, con mango recto para un corte preciso y seguro.\",\"breadcrumb\":{\"@id\":\"https:\\\/\\\/tecnoanimal.com\\\/tijeras-cortaunas-de-acero-inoxidable-con-mango-recto-para-perros-y-gatos-herramienta-de-limpieza-set-de-cortaunas-para-mascotas#breadcrumb\"},\"inLanguage\":\"en-GB\",\"potentialAction\":[{\"@type\":\"ReadAction\",\"target\":[\"https:\\\/\\\/tecnoanimal.com\\\/tijeras-cortaunas-de-acero-inoxidable-con-mango-recto-para-perros-y-gatos-herramienta-de-limpieza-set-de-cortaunas-para-mascotas\"]}]},{\"@type\":\"ImageObject\",\"inLanguage\":\"en-GB\",\"@id\":\"https:\\\/\\\/tecnoanimal.com\\\/tijeras-cortaunas-de-acero-inoxidable-con-mango-recto-para-perros-y-gatos-herramienta-de-limpieza-set-de-cortaunas-para-mascotas#primaryimage\",\"url\":\"https:\\\/\\\/i0.wp.com\\\/tecnoanimal.com\\\/wp-content\\\/uploads\\\/2026\\\/02\\\/S234509a3bb8349feb8be7331dbea51d54.webp?fit=800%2C800&ssl=1\",\"contentUrl\":\"https:\\\/\\\/i0.wp.com\\\/tecnoanimal.com\\\/wp-content\\\/uploads\\\/2026\\\/02\\\/S234509a3bb8349feb8be7331dbea51d54.webp?fit=800%2C800&ssl=1\",\"width\":800,\"height\":800},{\"@type\":\"BreadcrumbList\",\"@id\":\"https:\\\/\\\/tecnoanimal.com\\\/tijeras-cortaunas-de-acero-inoxidable-con-mango-recto-para-perros-y-gatos-herramienta-de-limpieza-set-de-cortaunas-para-mascotas#breadcrumb\",\"itemListElement\":[{\"@type\":\"ListItem\",\"position\":1,\"name\":\"Portada\",\"item\":\"https:\\\/\\\/tecnoanimal.com\\\/\"},{\"@type\":\"ListItem\",\"position\":2,\"name\":\"Shop\",\"item\":\"https:\\\/\\\/tecnoanimal.com\\\/shop\"},{\"@type\":\"ListItem\",\"position\":3,\"name\":\"Tijeras corta\u00fa\u00f1as de acero inoxidable\"}]},{\"@type\":\"WebSite\",\"@id\":\"https:\\\/\\\/tecnoanimal.com\\\/#website\",\"url\":\"https:\\\/\\\/tecnoanimal.com\\\/\",\"name\":\"TECNOANIMAL\",\"description\":\"La Tienda Ideal para tu Mascota\",\"publisher\":{\"@id\":\"https:\\\/\\\/tecnoanimal.com\\\/#organization\"},\"potentialAction\":[{\"@type\":\"SearchAction\",\"target\":{\"@type\":\"EntryPoint\",\"urlTemplate\":\"https:\\\/\\\/tecnoanimal.com\\\/?s={search_term_string}\"},\"query-input\":{\"@type\":\"PropertyValueSpecification\",\"valueRequired\":true,\"valueName\":\"search_term_string\"}}],\"inLanguage\":\"en-GB\"},{\"@type\":\"Organization\",\"@id\":\"https:\\\/\\\/tecnoanimal.com\\\/#organization\",\"name\":\"TECNOANIMAL\",\"url\":\"https:\\\/\\\/tecnoanimal.com\\\/\",\"logo\":{\"@type\":\"ImageObject\",\"inLanguage\":\"en-GB\",\"@id\":\"https:\\\/\\\/tecnoanimal.com\\\/#\\\/schema\\\/logo\\\/image\\\/\",\"url\":\"https:\\\/\\\/i0.wp.com\\\/tecnoanimal.com\\\/wp-content\\\/uploads\\\/2025\\\/11\\\/cropped-cropped-cropped-cropped-WhatsApp_Image_2025-11-06_at_18.07.49-removebg-preview.png?fit=435%2C145&ssl=1\",\"contentUrl\":\"https:\\\/\\\/i0.wp.com\\\/tecnoanimal.com\\\/wp-content\\\/uploads\\\/2025\\\/11\\\/cropped-cropped-cropped-cropped-WhatsApp_Image_2025-11-06_at_18.07.49-removebg-preview.png?fit=435%2C145&ssl=1\",\"width\":435,\"height\":145,\"caption\":\"TECNOANIMAL\"},\"image\":{\"@id\":\"https:\\\/\\\/tecnoanimal.com\\\/#\\\/schema\\\/logo\\\/image\\\/\"}}]}<\/script>\n<!-- \/ Yoast SEO plugin. -->","yoast_head_json":{"title":"Tijeras corta\u00fa\u00f1as de acero inoxidable - TECNOANIMAL","description":"Corta\u00fa\u00f1as para perros y gatos fabricado en acero inoxidable de alta calidad, con mango recto para un corte preciso y seguro.","robots":{"index":"index","follow":"follow","max-snippet":"max-snippet:-1","max-image-preview":"max-image-preview:large","max-video-preview":"max-video-preview:-1"},"canonical":"https:\/\/tecnoanimal.com\/en\/tijeras-cortaunas-de-acero-inoxidable-con-mango-recto-para-perros-y-gatos-herramienta-de-limpieza-set-de-cortaunas-para-mascotas\/","og_locale":"en_GB","og_type":"article","og_title":"Tijeras corta\u00fa\u00f1as de acero inoxidable - TECNOANIMAL","og_description":"Corta\u00fa\u00f1as para perros y gatos fabricado en acero inoxidable de alta calidad, con mango recto para un corte preciso y seguro.","og_url":"https:\/\/tecnoanimal.com\/en\/tijeras-cortaunas-de-acero-inoxidable-con-mango-recto-para-perros-y-gatos-herramienta-de-limpieza-set-de-cortaunas-para-mascotas\/","og_site_name":"TECNOANIMAL","article_modified_time":"2026-02-26T16:06:51+00:00","og_image":[{"width":800,"height":800,"url":"https:\/\/tecnoanimal.com\/wp-content\/uploads\/2026\/02\/S234509a3bb8349feb8be7331dbea51d54.webp","type":"image\/webp"}],"twitter_card":"summary_large_image","twitter_misc":{"Estimated reading time":"3 minutes"},"schema":{"@context":"https:\/\/schema.org","@graph":[{"@type":"WebPage","@id":"https:\/\/tecnoanimal.com\/tijeras-cortaunas-de-acero-inoxidable-con-mango-recto-para-perros-y-gatos-herramienta-de-limpieza-set-de-cortaunas-para-mascotas","url":"https:\/\/tecnoanimal.com\/tijeras-cortaunas-de-acero-inoxidable-con-mango-recto-para-perros-y-gatos-herramienta-de-limpieza-set-de-cortaunas-para-mascotas","name":"Tijeras corta\u00fa\u00f1as de acero inoxidable - TECNOANIMAL","isPartOf":{"@id":"https:\/\/tecnoanimal.com\/#website"},"primaryImageOfPage":{"@id":"https:\/\/tecnoanimal.com\/tijeras-cortaunas-de-acero-inoxidable-con-mango-recto-para-perros-y-gatos-herramienta-de-limpieza-set-de-cortaunas-para-mascotas#primaryimage"},"image":{"@id":"https:\/\/tecnoanimal.com\/tijeras-cortaunas-de-acero-inoxidable-con-mango-recto-para-perros-y-gatos-herramienta-de-limpieza-set-de-cortaunas-para-mascotas#primaryimage"},"thumbnailUrl":"https:\/\/i0.wp.com\/tecnoanimal.com\/wp-content\/uploads\/2026\/02\/S234509a3bb8349feb8be7331dbea51d54.webp?fit=800%2C800&ssl=1","datePublished":"2026-02-24T17:41:09+00:00","dateModified":"2026-02-26T16:06:51+00:00","description":"Corta\u00fa\u00f1as para perros y gatos fabricado en acero inoxidable de alta calidad, con mango recto para un corte preciso y seguro.","breadcrumb":{"@id":"https:\/\/tecnoanimal.com\/tijeras-cortaunas-de-acero-inoxidable-con-mango-recto-para-perros-y-gatos-herramienta-de-limpieza-set-de-cortaunas-para-mascotas#breadcrumb"},"inLanguage":"en-GB","potentialAction":[{"@type":"ReadAction","target":["https:\/\/tecnoanimal.com\/tijeras-cortaunas-de-acero-inoxidable-con-mango-recto-para-perros-y-gatos-herramienta-de-limpieza-set-de-cortaunas-para-mascotas"]}]},{"@type":"ImageObject","inLanguage":"en-GB","@id":"https:\/\/tecnoanimal.com\/tijeras-cortaunas-de-acero-inoxidable-con-mango-recto-para-perros-y-gatos-herramienta-de-limpieza-set-de-cortaunas-para-mascotas#primaryimage","url":"https:\/\/i0.wp.com\/tecnoanimal.com\/wp-content\/uploads\/2026\/02\/S234509a3bb8349feb8be7331dbea51d54.webp?fit=800%2C800&ssl=1","contentUrl":"https:\/\/i0.wp.com\/tecnoanimal.com\/wp-content\/uploads\/2026\/02\/S234509a3bb8349feb8be7331dbea51d54.webp?fit=800%2C800&ssl=1","width":800,"height":800},{"@type":"BreadcrumbList","@id":"https:\/\/tecnoanimal.com\/tijeras-cortaunas-de-acero-inoxidable-con-mango-recto-para-perros-y-gatos-herramienta-de-limpieza-set-de-cortaunas-para-mascotas#breadcrumb","itemListElement":[{"@type":"ListItem","position":1,"name":"Portada","item":"https:\/\/tecnoanimal.com\/"},{"@type":"ListItem","position":2,"name":"Shop","item":"https:\/\/tecnoanimal.com\/shop"},{"@type":"ListItem","position":3,"name":"Tijeras corta\u00fa\u00f1as de acero inoxidable"}]},{"@type":"WebSite","@id":"https:\/\/tecnoanimal.com\/#website","url":"https:\/\/tecnoanimal.com\/","name":"TECNOANIMAL","description":"La Tienda Ideal para tu Mascota","publisher":{"@id":"https:\/\/tecnoanimal.com\/#organization"},"potentialAction":[{"@type":"SearchAction","target":{"@type":"EntryPoint","urlTemplate":"https:\/\/tecnoanimal.com\/?s={search_term_string}"},"query-input":{"@type":"PropertyValueSpecification","valueRequired":true,"valueName":"search_term_string"}}],"inLanguage":"en-GB"},{"@type":"Organization","@id":"https:\/\/tecnoanimal.com\/#organization","name":"TECNOANIMAL","url":"https:\/\/tecnoanimal.com\/","logo":{"@type":"ImageObject","inLanguage":"en-GB","@id":"https:\/\/tecnoanimal.com\/#\/schema\/logo\/image\/","url":"https:\/\/i0.wp.com\/tecnoanimal.com\/wp-content\/uploads\/2025\/11\/cropped-cropped-cropped-cropped-WhatsApp_Image_2025-11-06_at_18.07.49-removebg-preview.png?fit=435%2C145&ssl=1","contentUrl":"https:\/\/i0.wp.com\/tecnoanimal.com\/wp-content\/uploads\/2025\/11\/cropped-cropped-cropped-cropped-WhatsApp_Image_2025-11-06_at_18.07.49-removebg-preview.png?fit=435%2C145&ssl=1","width":435,"height":145,"caption":"TECNOANIMAL"},"image":{"@id":"https:\/\/tecnoanimal.com\/#\/schema\/logo\/image\/"}}]}},"jetpack_sharing_enabled":true,"_links":{"self":[{"href":"https:\/\/tecnoanimal.com\/en\/wp-json\/wp\/v2\/product\/33513","targetHints":{"allow":["GET"]}}],"collection":[{"href":"https:\/\/tecnoanimal.com\/en\/wp-json\/wp\/v2\/product"}],"about":[{"href":"https:\/\/tecnoanimal.com\/en\/wp-json\/wp\/v2\/types\/product"}],"replies":[{"embeddable":true,"href":"https:\/\/tecnoanimal.com\/en\/wp-json\/wp\/v2\/comments?post=33513"}],"wp:featuredmedia":[{"embeddable":true,"href":"https:\/\/tecnoanimal.com\/en\/wp-json\/wp\/v2\/media\/33501"}],"wp:attachment":[{"href":"https:\/\/tecnoanimal.com\/en\/wp-json\/wp\/v2\/media?parent=33513"}],"wp:term":[{"taxonomy":"product_brand","embeddable":true,"href":"https:\/\/tecnoanimal.com\/en\/wp-json\/wp\/v2\/product_brand?post=33513"},{"taxonomy":"product_cat","embeddable":true,"href":"https:\/\/tecnoanimal.com\/en\/wp-json\/wp\/v2\/product_cat?post=33513"},{"taxonomy":"product_tag","embeddable":true,"href":"https:\/\/tecnoanimal.com\/en\/wp-json\/wp\/v2\/product_tag?post=33513"}],"curies":[{"name":"wp","href":"https:\/\/api.w.org\/{rel}","templated":true}]}}