{"id":26414,"date":"2025-12-17T15:02:01","date_gmt":"2025-12-17T14:02:01","guid":{"rendered":"https:\/\/tecnoanimal.com\/?page_id=26414"},"modified":"2025-12-29T12:52:29","modified_gmt":"2025-12-29T11:52:29","slug":"politica-de-cookies","status":"publish","type":"page","link":"https:\/\/tecnoanimal.com\/en\/politica-de-cookies","title":{"rendered":"Pol\u00edtica de Cookies"},"content":{"rendered":"<p>Este sitio web utiliza cookies propias y de terceros para mejorar la experiencia de navegaci\u00f3n.<\/p>\n\n\n\n<p>El usuario puede configurar o rechazar el uso de cookies a trav\u00e9s de la configuraci\u00f3n de su navegador.<\/p>\n\n\n\n<p>Al continuar navegando por el sitio, se considera que acepta el uso de cookies.<\/p>","protected":false},"excerpt":{"rendered":"<p>Este sitio web utiliza cookies propias y de terceros para mejorar la experiencia de navegaci\u00f3n. El usuario puede configurar o rechazar el uso de cookies a trav\u00e9s de la configuraci\u00f3n de su navegador. Al continuar navegando por el sitio, se considera que acepta el uso de cookies.<\/p>","protected":false},"author":1,"featured_media":0,"parent":0,"menu_order":0,"comment_status":"closed","ping_status":"closed","template":"","meta":{"site-sidebar-layout":"default","site-content-layout":"","ast-site-content-layout":"default","site-content-style":"default","site-sidebar-style":"default","ast-global-header-display":"","ast-banner-title-visibility":"","ast-main-header-display":"","ast-hfb-above-header-display":"","ast-hfb-below-header-display":"","ast-hfb-mobile-header-display":"","site-post-title":"","ast-breadcrumbs-content":"","ast-featured-img":"","footer-sml-layout":"","ast-disable-related-posts":"","theme-transparent-header-meta":"","adv-header-id-meta":"","stick-header-meta":"","header-above-stick-meta":"","header-main-stick-meta":"","header-below-stick-meta":"","astra-migrate-meta-layouts":"set","ast-page-background-enabled":"default","ast-page-background-meta":{"desktop":{"background-color":"","background-image":"","background-repeat":"repeat","background-position":"center center","background-size":"auto","background-attachment":"scroll","background-type":"","background-media":"","overlay-type":"","overlay-color":"","overlay-opacity":"","overlay-gradient":""},"tablet":{"background-color":"","background-image":"","background-repeat":"repeat","background-position":"center center","background-size":"auto","background-attachment":"scroll","background-type":"","background-media":"","overlay-type":"","overlay-color":"","overlay-opacity":"","overlay-gradient":""},"mobile":{"background-color":"","background-image":"","background-repeat":"repeat","background-position":"center center","background-size":"auto","background-attachment":"scroll","background-type":"","background-media":"","overlay-type":"","overlay-color":"","overlay-opacity":"","overlay-gradient":""}},"ast-content-background-meta":{"desktop":{"background-color":"var(--ast-global-color-5)","background-image":"","background-repeat":"repeat","background-position":"center center","background-size":"auto","background-attachment":"scroll","background-type":"","background-media":"","overlay-type":"","overlay-color":"","overlay-opacity":"","overlay-gradient":""},"tablet":{"background-color":"var(--ast-global-color-5)","background-image":"","background-repeat":"repeat","background-position":"center center","background-size":"auto","background-attachment":"scroll","background-type":"","background-media":"","overlay-type":"","overlay-color":"","overlay-opacity":"","overlay-gradient":""},"mobile":{"background-color":"var(--ast-global-color-5)","background-image":"","background-repeat":"repeat","background-position":"center center","background-size":"auto","background-attachment":"scroll","background-type":"","background-media":"","overlay-type":"","overlay-color":"","overlay-opacity":"","overlay-gradient":""}},"footnotes":""},"class_list":["post-26414","page","type-page","status-publish","hentry"],"yoast_head":"<!-- This site is optimized with the Yoast SEO plugin v27.4 - https:\/\/yoast.com\/product\/yoast-seo-wordpress\/ -->\n<title>Pol\u00edtica de Cookies - TECNOANIMAL<\/title>\n<meta name=\"robots\" content=\"index, follow, max-snippet:-1, max-image-preview:large, max-video-preview:-1\" \/>\n<link rel=\"canonical\" href=\"https:\/\/tecnoanimal.com\/en\/politica-de-cookies\/\" \/>\n<meta property=\"og:locale\" content=\"en_GB\" \/>\n<meta property=\"og:type\" content=\"article\" \/>\n<meta property=\"og:title\" content=\"Pol\u00edtica de Cookies - TECNOANIMAL\" \/>\n<meta property=\"og:description\" content=\"Este sitio web utiliza cookies propias y de terceros para mejorar la experiencia de navegaci\u00f3n. El usuario puede configurar o rechazar el uso de cookies a trav\u00e9s de la configuraci\u00f3n de su navegador. Al continuar navegando por el sitio, se considera que acepta el uso de cookies.\" \/>\n<meta property=\"og:url\" content=\"https:\/\/tecnoanimal.com\/en\/politica-de-cookies\/\" \/>\n<meta property=\"og:site_name\" content=\"TECNOANIMAL\" \/>\n<meta property=\"article:modified_time\" content=\"2025-12-29T11:52:29+00:00\" \/>\n<meta name=\"twitter:card\" content=\"summary_large_image\" \/>\n<meta name=\"twitter:label1\" content=\"Estimated reading time\" \/>\n\t<meta name=\"twitter:data1\" content=\"1 minute\" \/>\n<script type=\"application\/ld+json\" class=\"yoast-schema-graph\">{\"@context\":\"https:\\\/\\\/schema.org\",\"@graph\":[{\"@type\":\"WebPage\",\"@id\":\"https:\\\/\\\/tecnoanimal.com\\\/politica-de-cookies\",\"url\":\"https:\\\/\\\/tecnoanimal.com\\\/politica-de-cookies\",\"name\":\"Pol\u00edtica de Cookies - TECNOANIMAL\",\"isPartOf\":{\"@id\":\"https:\\\/\\\/tecnoanimal.com\\\/#website\"},\"datePublished\":\"2025-12-17T14:02:01+00:00\",\"dateModified\":\"2025-12-29T11:52:29+00:00\",\"breadcrumb\":{\"@id\":\"https:\\\/\\\/tecnoanimal.com\\\/politica-de-cookies#breadcrumb\"},\"inLanguage\":\"en-GB\",\"potentialAction\":[{\"@type\":\"ReadAction\",\"target\":[\"https:\\\/\\\/tecnoanimal.com\\\/politica-de-cookies\"]}]},{\"@type\":\"BreadcrumbList\",\"@id\":\"https:\\\/\\\/tecnoanimal.com\\\/politica-de-cookies#breadcrumb\",\"itemListElement\":[{\"@type\":\"ListItem\",\"position\":1,\"name\":\"Portada\",\"item\":\"https:\\\/\\\/tecnoanimal.com\\\/\"},{\"@type\":\"ListItem\",\"position\":2,\"name\":\"Pol\u00edtica de Cookies\"}]},{\"@type\":\"WebSite\",\"@id\":\"https:\\\/\\\/tecnoanimal.com\\\/#website\",\"url\":\"https:\\\/\\\/tecnoanimal.com\\\/\",\"name\":\"TECNOANIMAL\",\"description\":\"La Tienda Ideal para tu Mascota\",\"publisher\":{\"@id\":\"https:\\\/\\\/tecnoanimal.com\\\/#organization\"},\"potentialAction\":[{\"@type\":\"SearchAction\",\"target\":{\"@type\":\"EntryPoint\",\"urlTemplate\":\"https:\\\/\\\/tecnoanimal.com\\\/?s={search_term_string}\"},\"query-input\":{\"@type\":\"PropertyValueSpecification\",\"valueRequired\":true,\"valueName\":\"search_term_string\"}}],\"inLanguage\":\"en-GB\"},{\"@type\":\"Organization\",\"@id\":\"https:\\\/\\\/tecnoanimal.com\\\/#organization\",\"name\":\"TECNOANIMAL\",\"url\":\"https:\\\/\\\/tecnoanimal.com\\\/\",\"logo\":{\"@type\":\"ImageObject\",\"inLanguage\":\"en-GB\",\"@id\":\"https:\\\/\\\/tecnoanimal.com\\\/#\\\/schema\\\/logo\\\/image\\\/\",\"url\":\"https:\\\/\\\/i0.wp.com\\\/tecnoanimal.com\\\/wp-content\\\/uploads\\\/2025\\\/11\\\/cropped-cropped-cropped-cropped-WhatsApp_Image_2025-11-06_at_18.07.49-removebg-preview.png?fit=435%2C145&ssl=1\",\"contentUrl\":\"https:\\\/\\\/i0.wp.com\\\/tecnoanimal.com\\\/wp-content\\\/uploads\\\/2025\\\/11\\\/cropped-cropped-cropped-cropped-WhatsApp_Image_2025-11-06_at_18.07.49-removebg-preview.png?fit=435%2C145&ssl=1\",\"width\":435,\"height\":145,\"caption\":\"TECNOANIMAL\"},\"image\":{\"@id\":\"https:\\\/\\\/tecnoanimal.com\\\/#\\\/schema\\\/logo\\\/image\\\/\"}}]}<\/script>\n<!-- \/ Yoast SEO plugin. -->","yoast_head_json":{"title":"Pol\u00edtica de Cookies - TECNOANIMAL","robots":{"index":"index","follow":"follow","max-snippet":"max-snippet:-1","max-image-preview":"max-image-preview:large","max-video-preview":"max-video-preview:-1"},"canonical":"https:\/\/tecnoanimal.com\/en\/politica-de-cookies\/","og_locale":"en_GB","og_type":"article","og_title":"Pol\u00edtica de Cookies - TECNOANIMAL","og_description":"Este sitio web utiliza cookies propias y de terceros para mejorar la experiencia de navegaci\u00f3n. El usuario puede configurar o rechazar el uso de cookies a trav\u00e9s de la configuraci\u00f3n de su navegador. Al continuar navegando por el sitio, se considera que acepta el uso de cookies.","og_url":"https:\/\/tecnoanimal.com\/en\/politica-de-cookies\/","og_site_name":"TECNOANIMAL","article_modified_time":"2025-12-29T11:52:29+00:00","twitter_card":"summary_large_image","twitter_misc":{"Estimated reading time":"1 minute"},"schema":{"@context":"https:\/\/schema.org","@graph":[{"@type":"WebPage","@id":"https:\/\/tecnoanimal.com\/politica-de-cookies","url":"https:\/\/tecnoanimal.com\/politica-de-cookies","name":"Pol\u00edtica de Cookies - TECNOANIMAL","isPartOf":{"@id":"https:\/\/tecnoanimal.com\/#website"},"datePublished":"2025-12-17T14:02:01+00:00","dateModified":"2025-12-29T11:52:29+00:00","breadcrumb":{"@id":"https:\/\/tecnoanimal.com\/politica-de-cookies#breadcrumb"},"inLanguage":"en-GB","potentialAction":[{"@type":"ReadAction","target":["https:\/\/tecnoanimal.com\/politica-de-cookies"]}]},{"@type":"BreadcrumbList","@id":"https:\/\/tecnoanimal.com\/politica-de-cookies#breadcrumb","itemListElement":[{"@type":"ListItem","position":1,"name":"Portada","item":"https:\/\/tecnoanimal.com\/"},{"@type":"ListItem","position":2,"name":"Pol\u00edtica de Cookies"}]},{"@type":"WebSite","@id":"https:\/\/tecnoanimal.com\/#website","url":"https:\/\/tecnoanimal.com\/","name":"TECNOANIMAL","description":"La Tienda Ideal para tu Mascota","publisher":{"@id":"https:\/\/tecnoanimal.com\/#organization"},"potentialAction":[{"@type":"SearchAction","target":{"@type":"EntryPoint","urlTemplate":"https:\/\/tecnoanimal.com\/?s={search_term_string}"},"query-input":{"@type":"PropertyValueSpecification","valueRequired":true,"valueName":"search_term_string"}}],"inLanguage":"en-GB"},{"@type":"Organization","@id":"https:\/\/tecnoanimal.com\/#organization","name":"TECNOANIMAL","url":"https:\/\/tecnoanimal.com\/","logo":{"@type":"ImageObject","inLanguage":"en-GB","@id":"https:\/\/tecnoanimal.com\/#\/schema\/logo\/image\/","url":"https:\/\/i0.wp.com\/tecnoanimal.com\/wp-content\/uploads\/2025\/11\/cropped-cropped-cropped-cropped-WhatsApp_Image_2025-11-06_at_18.07.49-removebg-preview.png?fit=435%2C145&ssl=1","contentUrl":"https:\/\/i0.wp.com\/tecnoanimal.com\/wp-content\/uploads\/2025\/11\/cropped-cropped-cropped-cropped-WhatsApp_Image_2025-11-06_at_18.07.49-removebg-preview.png?fit=435%2C145&ssl=1","width":435,"height":145,"caption":"TECNOANIMAL"},"image":{"@id":"https:\/\/tecnoanimal.com\/#\/schema\/logo\/image\/"}}]}},"jetpack_sharing_enabled":true,"_links":{"self":[{"href":"https:\/\/tecnoanimal.com\/en\/wp-json\/wp\/v2\/pages\/26414","targetHints":{"allow":["GET"]}}],"collection":[{"href":"https:\/\/tecnoanimal.com\/en\/wp-json\/wp\/v2\/pages"}],"about":[{"href":"https:\/\/tecnoanimal.com\/en\/wp-json\/wp\/v2\/types\/page"}],"author":[{"embeddable":true,"href":"https:\/\/tecnoanimal.com\/en\/wp-json\/wp\/v2\/users\/1"}],"replies":[{"embeddable":true,"href":"https:\/\/tecnoanimal.com\/en\/wp-json\/wp\/v2\/comments?post=26414"}],"version-history":[{"count":0,"href":"https:\/\/tecnoanimal.com\/en\/wp-json\/wp\/v2\/pages\/26414\/revisions"}],"wp:attachment":[{"href":"https:\/\/tecnoanimal.com\/en\/wp-json\/wp\/v2\/media?parent=26414"}],"curies":[{"name":"wp","href":"https:\/\/api.w.org\/{rel}","templated":true}]}}