{"id":26396,"date":"2025-12-17T14:28:52","date_gmt":"2025-12-17T13:28:52","guid":{"rendered":"https:\/\/tecnoanimal.com\/?page_id=26396"},"modified":"2025-12-29T12:51:13","modified_gmt":"2025-12-29T11:51:13","slug":"preguntas-frecuentes","status":"publish","type":"page","link":"https:\/\/tecnoanimal.com\/en\/preguntas-frecuentes","title":{"rendered":"Preguntas Frecuentes"},"content":{"rendered":"<p>\u00bfCu\u00e1nto tarda en llegar mi pedido?<br>Los pedidos se entregan normalmente en un plazo de 24\/48 horas laborables.<\/p>\n\n\n\n<p>\u00bfPuedo cancelar o modificar mi pedido?<br>Si el pedido a\u00fan no ha sido enviado, contacta con nosotros lo antes posible.<\/p>\n\n\n\n<p>\u00bfQu\u00e9 m\u00e9todos de pago acept\u00e1is?<br>Aceptamos los m\u00e9todos de pago disponibles en la tienda durante el proceso de compra.<\/p>\n\n\n\n<p>\u00bfC\u00f3mo puedo contactar con atenci\u00f3n al cliente?<br>Puedes escribirnos a info@tecnoanimal.com o usar el formulario de contacto.<\/p>","protected":false},"excerpt":{"rendered":"<p>\u00bfCu\u00e1nto tarda en llegar mi pedido?Los pedidos se entregan normalmente en un plazo de 24\/48 horas laborables. \u00bfPuedo cancelar o modificar mi pedido?Si el pedido a\u00fan no ha sido enviado, contacta con nosotros lo antes posible. \u00bfQu\u00e9 m\u00e9todos de pago acept\u00e1is?Aceptamos los m\u00e9todos de pago disponibles en la tienda durante el proceso de compra. \u00bfC\u00f3mo [&hellip;]<\/p>\n","protected":false},"author":1,"featured_media":0,"parent":0,"menu_order":0,"comment_status":"closed","ping_status":"closed","template":"","meta":{"site-sidebar-layout":"default","site-content-layout":"","ast-site-content-layout":"default","site-content-style":"default","site-sidebar-style":"default","ast-global-header-display":"","ast-banner-title-visibility":"","ast-main-header-display":"","ast-hfb-above-header-display":"","ast-hfb-below-header-display":"","ast-hfb-mobile-header-display":"","site-post-title":"","ast-breadcrumbs-content":"","ast-featured-img":"","footer-sml-layout":"","ast-disable-related-posts":"","theme-transparent-header-meta":"","adv-header-id-meta":"","stick-header-meta":"","header-above-stick-meta":"","header-main-stick-meta":"","header-below-stick-meta":"","astra-migrate-meta-layouts":"set","ast-page-background-enabled":"default","ast-page-background-meta":{"desktop":{"background-color":"","background-image":"","background-repeat":"repeat","background-position":"center center","background-size":"auto","background-attachment":"scroll","background-type":"","background-media":"","overlay-type":"","overlay-color":"","overlay-opacity":"","overlay-gradient":""},"tablet":{"background-color":"","background-image":"","background-repeat":"repeat","background-position":"center center","background-size":"auto","background-attachment":"scroll","background-type":"","background-media":"","overlay-type":"","overlay-color":"","overlay-opacity":"","overlay-gradient":""},"mobile":{"background-color":"","background-image":"","background-repeat":"repeat","background-position":"center center","background-size":"auto","background-attachment":"scroll","background-type":"","background-media":"","overlay-type":"","overlay-color":"","overlay-opacity":"","overlay-gradient":""}},"ast-content-background-meta":{"desktop":{"background-color":"var(--ast-global-color-5)","background-image":"","background-repeat":"repeat","background-position":"center center","background-size":"auto","background-attachment":"scroll","background-type":"","background-media":"","overlay-type":"","overlay-color":"","overlay-opacity":"","overlay-gradient":""},"tablet":{"background-color":"var(--ast-global-color-5)","background-image":"","background-repeat":"repeat","background-position":"center center","background-size":"auto","background-attachment":"scroll","background-type":"","background-media":"","overlay-type":"","overlay-color":"","overlay-opacity":"","overlay-gradient":""},"mobile":{"background-color":"var(--ast-global-color-5)","background-image":"","background-repeat":"repeat","background-position":"center center","background-size":"auto","background-attachment":"scroll","background-type":"","background-media":"","overlay-type":"","overlay-color":"","overlay-opacity":"","overlay-gradient":""}},"footnotes":""},"class_list":["post-26396","page","type-page","status-publish","hentry"],"yoast_head":"<!-- This site is optimized with the Yoast SEO plugin v27.4 - https:\/\/yoast.com\/product\/yoast-seo-wordpress\/ -->\n<title>Preguntas Frecuentes - TECNOANIMAL<\/title>\n<meta name=\"robots\" content=\"index, follow, max-snippet:-1, max-image-preview:large, max-video-preview:-1\" \/>\n<link rel=\"canonical\" href=\"https:\/\/tecnoanimal.com\/en\/preguntas-frecuentes\/\" \/>\n<meta property=\"og:locale\" content=\"en_GB\" \/>\n<meta property=\"og:type\" content=\"article\" \/>\n<meta property=\"og:title\" content=\"Preguntas Frecuentes - TECNOANIMAL\" \/>\n<meta property=\"og:description\" content=\"\u00bfCu\u00e1nto tarda en llegar mi pedido?Los pedidos se entregan normalmente en un plazo de 24\/48 horas laborables. \u00bfPuedo cancelar o modificar mi pedido?Si el pedido a\u00fan no ha sido enviado, contacta con nosotros lo antes posible. \u00bfQu\u00e9 m\u00e9todos de pago acept\u00e1is?Aceptamos los m\u00e9todos de pago disponibles en la tienda durante el proceso de compra. \u00bfC\u00f3mo [&hellip;]\" \/>\n<meta property=\"og:url\" content=\"https:\/\/tecnoanimal.com\/en\/preguntas-frecuentes\/\" \/>\n<meta property=\"og:site_name\" content=\"TECNOANIMAL\" \/>\n<meta property=\"article:modified_time\" content=\"2025-12-29T11:51:13+00:00\" \/>\n<meta name=\"twitter:card\" content=\"summary_large_image\" \/>\n<meta name=\"twitter:label1\" content=\"Estimated reading time\" \/>\n\t<meta name=\"twitter:data1\" content=\"1 minute\" \/>\n<script type=\"application\/ld+json\" class=\"yoast-schema-graph\">{\"@context\":\"https:\\\/\\\/schema.org\",\"@graph\":[{\"@type\":\"WebPage\",\"@id\":\"https:\\\/\\\/tecnoanimal.com\\\/preguntas-frecuentes\",\"url\":\"https:\\\/\\\/tecnoanimal.com\\\/preguntas-frecuentes\",\"name\":\"Preguntas Frecuentes - TECNOANIMAL\",\"isPartOf\":{\"@id\":\"https:\\\/\\\/tecnoanimal.com\\\/#website\"},\"datePublished\":\"2025-12-17T13:28:52+00:00\",\"dateModified\":\"2025-12-29T11:51:13+00:00\",\"breadcrumb\":{\"@id\":\"https:\\\/\\\/tecnoanimal.com\\\/preguntas-frecuentes#breadcrumb\"},\"inLanguage\":\"en-GB\",\"potentialAction\":[{\"@type\":\"ReadAction\",\"target\":[\"https:\\\/\\\/tecnoanimal.com\\\/preguntas-frecuentes\"]}]},{\"@type\":\"BreadcrumbList\",\"@id\":\"https:\\\/\\\/tecnoanimal.com\\\/preguntas-frecuentes#breadcrumb\",\"itemListElement\":[{\"@type\":\"ListItem\",\"position\":1,\"name\":\"Portada\",\"item\":\"https:\\\/\\\/tecnoanimal.com\\\/\"},{\"@type\":\"ListItem\",\"position\":2,\"name\":\"Preguntas Frecuentes\"}]},{\"@type\":\"WebSite\",\"@id\":\"https:\\\/\\\/tecnoanimal.com\\\/#website\",\"url\":\"https:\\\/\\\/tecnoanimal.com\\\/\",\"name\":\"TECNOANIMAL\",\"description\":\"La Tienda Ideal para tu Mascota\",\"publisher\":{\"@id\":\"https:\\\/\\\/tecnoanimal.com\\\/#organization\"},\"potentialAction\":[{\"@type\":\"SearchAction\",\"target\":{\"@type\":\"EntryPoint\",\"urlTemplate\":\"https:\\\/\\\/tecnoanimal.com\\\/?s={search_term_string}\"},\"query-input\":{\"@type\":\"PropertyValueSpecification\",\"valueRequired\":true,\"valueName\":\"search_term_string\"}}],\"inLanguage\":\"en-GB\"},{\"@type\":\"Organization\",\"@id\":\"https:\\\/\\\/tecnoanimal.com\\\/#organization\",\"name\":\"TECNOANIMAL\",\"url\":\"https:\\\/\\\/tecnoanimal.com\\\/\",\"logo\":{\"@type\":\"ImageObject\",\"inLanguage\":\"en-GB\",\"@id\":\"https:\\\/\\\/tecnoanimal.com\\\/#\\\/schema\\\/logo\\\/image\\\/\",\"url\":\"https:\\\/\\\/i0.wp.com\\\/tecnoanimal.com\\\/wp-content\\\/uploads\\\/2025\\\/11\\\/cropped-cropped-cropped-cropped-WhatsApp_Image_2025-11-06_at_18.07.49-removebg-preview.png?fit=435%2C145&ssl=1\",\"contentUrl\":\"https:\\\/\\\/i0.wp.com\\\/tecnoanimal.com\\\/wp-content\\\/uploads\\\/2025\\\/11\\\/cropped-cropped-cropped-cropped-WhatsApp_Image_2025-11-06_at_18.07.49-removebg-preview.png?fit=435%2C145&ssl=1\",\"width\":435,\"height\":145,\"caption\":\"TECNOANIMAL\"},\"image\":{\"@id\":\"https:\\\/\\\/tecnoanimal.com\\\/#\\\/schema\\\/logo\\\/image\\\/\"}}]}<\/script>\n<!-- \/ Yoast SEO plugin. -->","yoast_head_json":{"title":"Preguntas Frecuentes - TECNOANIMAL","robots":{"index":"index","follow":"follow","max-snippet":"max-snippet:-1","max-image-preview":"max-image-preview:large","max-video-preview":"max-video-preview:-1"},"canonical":"https:\/\/tecnoanimal.com\/en\/preguntas-frecuentes\/","og_locale":"en_GB","og_type":"article","og_title":"Preguntas Frecuentes - TECNOANIMAL","og_description":"\u00bfCu\u00e1nto tarda en llegar mi pedido?Los pedidos se entregan normalmente en un plazo de 24\/48 horas laborables. \u00bfPuedo cancelar o modificar mi pedido?Si el pedido a\u00fan no ha sido enviado, contacta con nosotros lo antes posible. \u00bfQu\u00e9 m\u00e9todos de pago acept\u00e1is?Aceptamos los m\u00e9todos de pago disponibles en la tienda durante el proceso de compra. \u00bfC\u00f3mo [&hellip;]","og_url":"https:\/\/tecnoanimal.com\/en\/preguntas-frecuentes\/","og_site_name":"TECNOANIMAL","article_modified_time":"2025-12-29T11:51:13+00:00","twitter_card":"summary_large_image","twitter_misc":{"Estimated reading time":"1 minute"},"schema":{"@context":"https:\/\/schema.org","@graph":[{"@type":"WebPage","@id":"https:\/\/tecnoanimal.com\/preguntas-frecuentes","url":"https:\/\/tecnoanimal.com\/preguntas-frecuentes","name":"Preguntas Frecuentes - TECNOANIMAL","isPartOf":{"@id":"https:\/\/tecnoanimal.com\/#website"},"datePublished":"2025-12-17T13:28:52+00:00","dateModified":"2025-12-29T11:51:13+00:00","breadcrumb":{"@id":"https:\/\/tecnoanimal.com\/preguntas-frecuentes#breadcrumb"},"inLanguage":"en-GB","potentialAction":[{"@type":"ReadAction","target":["https:\/\/tecnoanimal.com\/preguntas-frecuentes"]}]},{"@type":"BreadcrumbList","@id":"https:\/\/tecnoanimal.com\/preguntas-frecuentes#breadcrumb","itemListElement":[{"@type":"ListItem","position":1,"name":"Portada","item":"https:\/\/tecnoanimal.com\/"},{"@type":"ListItem","position":2,"name":"Preguntas Frecuentes"}]},{"@type":"WebSite","@id":"https:\/\/tecnoanimal.com\/#website","url":"https:\/\/tecnoanimal.com\/","name":"TECNOANIMAL","description":"La Tienda Ideal para tu Mascota","publisher":{"@id":"https:\/\/tecnoanimal.com\/#organization"},"potentialAction":[{"@type":"SearchAction","target":{"@type":"EntryPoint","urlTemplate":"https:\/\/tecnoanimal.com\/?s={search_term_string}"},"query-input":{"@type":"PropertyValueSpecification","valueRequired":true,"valueName":"search_term_string"}}],"inLanguage":"en-GB"},{"@type":"Organization","@id":"https:\/\/tecnoanimal.com\/#organization","name":"TECNOANIMAL","url":"https:\/\/tecnoanimal.com\/","logo":{"@type":"ImageObject","inLanguage":"en-GB","@id":"https:\/\/tecnoanimal.com\/#\/schema\/logo\/image\/","url":"https:\/\/i0.wp.com\/tecnoanimal.com\/wp-content\/uploads\/2025\/11\/cropped-cropped-cropped-cropped-WhatsApp_Image_2025-11-06_at_18.07.49-removebg-preview.png?fit=435%2C145&ssl=1","contentUrl":"https:\/\/i0.wp.com\/tecnoanimal.com\/wp-content\/uploads\/2025\/11\/cropped-cropped-cropped-cropped-WhatsApp_Image_2025-11-06_at_18.07.49-removebg-preview.png?fit=435%2C145&ssl=1","width":435,"height":145,"caption":"TECNOANIMAL"},"image":{"@id":"https:\/\/tecnoanimal.com\/#\/schema\/logo\/image\/"}}]}},"jetpack_sharing_enabled":true,"_links":{"self":[{"href":"https:\/\/tecnoanimal.com\/en\/wp-json\/wp\/v2\/pages\/26396","targetHints":{"allow":["GET"]}}],"collection":[{"href":"https:\/\/tecnoanimal.com\/en\/wp-json\/wp\/v2\/pages"}],"about":[{"href":"https:\/\/tecnoanimal.com\/en\/wp-json\/wp\/v2\/types\/page"}],"author":[{"embeddable":true,"href":"https:\/\/tecnoanimal.com\/en\/wp-json\/wp\/v2\/users\/1"}],"replies":[{"embeddable":true,"href":"https:\/\/tecnoanimal.com\/en\/wp-json\/wp\/v2\/comments?post=26396"}],"version-history":[{"count":0,"href":"https:\/\/tecnoanimal.com\/en\/wp-json\/wp\/v2\/pages\/26396\/revisions"}],"wp:attachment":[{"href":"https:\/\/tecnoanimal.com\/en\/wp-json\/wp\/v2\/media?parent=26396"}],"curies":[{"name":"wp","href":"https:\/\/api.w.org\/{rel}","templated":true}]}}