{"id":11,"date":"2025-12-17T14:31:38","date_gmt":"2025-12-17T13:31:38","guid":{"rendered":"https:\/\/tecnoanimal.com\/?page_id=11"},"modified":"2025-12-29T12:50:43","modified_gmt":"2025-12-29T11:50:43","slug":"envios-y-devoluciones","status":"publish","type":"page","link":"https:\/\/tecnoanimal.com\/en\/envios-y-devoluciones","title":{"rendered":"Env\u00edos y Devoluciones"},"content":{"rendered":"<p>ENV\u00cdOS<\/p>\n\n\n\n<p>Realizamos env\u00edos a toda Espa\u00f1a peninsular.<br>El plazo de entrega habitual es de 24\/48 horas laborables desde la confirmaci\u00f3n del pedido.<\/p>\n\n\n\n<p>Los costes de env\u00edo se muestran claramente durante el proceso de compra antes de finalizar el pedido.<\/p>\n\n\n\n<p>DEVOLUCIONES<\/p>\n\n\n\n<p>Si no est\u00e1s satisfecho con tu compra, dispones de un plazo de 14 d\u00edas naturales desde la recepci\u00f3n del pedido para solicitar una devoluci\u00f3n.<\/p>\n\n\n\n<p>El producto debe estar sin usar y en su embalaje original.<br>Una vez recibido y comprobado, se realizar\u00e1 el reembolso correspondiente utilizando el mismo m\u00e9todo de pago.<\/p>\n\n\n\n<p><\/p>","protected":false},"excerpt":{"rendered":"<p>ENV\u00cdOS Realizamos env\u00edos a toda Espa\u00f1a peninsular.El plazo de entrega habitual es de 24\/48 horas laborables desde la confirmaci\u00f3n del pedido. Los costes de env\u00edo se muestran claramente durante el proceso de compra antes de finalizar el pedido. DEVOLUCIONES Si no est\u00e1s satisfecho con tu compra, dispones de un plazo de 14 d\u00edas naturales desde [&hellip;]<\/p>\n","protected":false},"author":1,"featured_media":0,"parent":0,"menu_order":0,"comment_status":"closed","ping_status":"closed","template":"","meta":{"site-sidebar-layout":"default","site-content-layout":"","ast-site-content-layout":"default","site-content-style":"default","site-sidebar-style":"default","ast-global-header-display":"","ast-banner-title-visibility":"","ast-main-header-display":"","ast-hfb-above-header-display":"","ast-hfb-below-header-display":"","ast-hfb-mobile-header-display":"","site-post-title":"","ast-breadcrumbs-content":"","ast-featured-img":"","footer-sml-layout":"","ast-disable-related-posts":"","theme-transparent-header-meta":"","adv-header-id-meta":"","stick-header-meta":"","header-above-stick-meta":"","header-main-stick-meta":"","header-below-stick-meta":"","astra-migrate-meta-layouts":"set","ast-page-background-enabled":"default","ast-page-background-meta":{"desktop":{"background-color":"","background-image":"","background-repeat":"repeat","background-position":"center center","background-size":"auto","background-attachment":"scroll","background-type":"","background-media":"","overlay-type":"","overlay-color":"","overlay-opacity":"","overlay-gradient":""},"tablet":{"background-color":"","background-image":"","background-repeat":"repeat","background-position":"center center","background-size":"auto","background-attachment":"scroll","background-type":"","background-media":"","overlay-type":"","overlay-color":"","overlay-opacity":"","overlay-gradient":""},"mobile":{"background-color":"","background-image":"","background-repeat":"repeat","background-position":"center center","background-size":"auto","background-attachment":"scroll","background-type":"","background-media":"","overlay-type":"","overlay-color":"","overlay-opacity":"","overlay-gradient":""}},"ast-content-background-meta":{"desktop":{"background-color":"var(--ast-global-color-5)","background-image":"","background-repeat":"repeat","background-position":"center center","background-size":"auto","background-attachment":"scroll","background-type":"","background-media":"","overlay-type":"","overlay-color":"","overlay-opacity":"","overlay-gradient":""},"tablet":{"background-color":"var(--ast-global-color-5)","background-image":"","background-repeat":"repeat","background-position":"center center","background-size":"auto","background-attachment":"scroll","background-type":"","background-media":"","overlay-type":"","overlay-color":"","overlay-opacity":"","overlay-gradient":""},"mobile":{"background-color":"var(--ast-global-color-5)","background-image":"","background-repeat":"repeat","background-position":"center center","background-size":"auto","background-attachment":"scroll","background-type":"","background-media":"","overlay-type":"","overlay-color":"","overlay-opacity":"","overlay-gradient":""}},"footnotes":""},"class_list":["post-11","page","type-page","status-publish","hentry"],"yoast_head":"<!-- This site is optimized with the Yoast SEO plugin v27.4 - https:\/\/yoast.com\/product\/yoast-seo-wordpress\/ -->\n<title>Env\u00edos y Devoluciones - TECNOANIMAL<\/title>\n<meta name=\"robots\" content=\"index, follow, max-snippet:-1, max-image-preview:large, max-video-preview:-1\" \/>\n<link rel=\"canonical\" href=\"https:\/\/tecnoanimal.com\/en\/envios-y-devoluciones\/\" \/>\n<meta property=\"og:locale\" content=\"en_GB\" \/>\n<meta property=\"og:type\" content=\"article\" \/>\n<meta property=\"og:title\" content=\"Env\u00edos y Devoluciones - TECNOANIMAL\" \/>\n<meta property=\"og:description\" content=\"ENV\u00cdOS Realizamos env\u00edos a toda Espa\u00f1a peninsular.El plazo de entrega habitual es de 24\/48 horas laborables desde la confirmaci\u00f3n del pedido. Los costes de env\u00edo se muestran claramente durante el proceso de compra antes de finalizar el pedido. DEVOLUCIONES Si no est\u00e1s satisfecho con tu compra, dispones de un plazo de 14 d\u00edas naturales desde [&hellip;]\" \/>\n<meta property=\"og:url\" content=\"https:\/\/tecnoanimal.com\/en\/envios-y-devoluciones\/\" \/>\n<meta property=\"og:site_name\" content=\"TECNOANIMAL\" \/>\n<meta property=\"article:modified_time\" content=\"2025-12-29T11:50:43+00:00\" \/>\n<meta name=\"twitter:card\" content=\"summary_large_image\" \/>\n<meta name=\"twitter:label1\" content=\"Estimated reading time\" \/>\n\t<meta name=\"twitter:data1\" content=\"1 minute\" \/>\n<script type=\"application\/ld+json\" class=\"yoast-schema-graph\">{\"@context\":\"https:\\\/\\\/schema.org\",\"@graph\":[{\"@type\":\"WebPage\",\"@id\":\"https:\\\/\\\/tecnoanimal.com\\\/envios-y-devoluciones\",\"url\":\"https:\\\/\\\/tecnoanimal.com\\\/envios-y-devoluciones\",\"name\":\"Env\u00edos y Devoluciones - TECNOANIMAL\",\"isPartOf\":{\"@id\":\"https:\\\/\\\/tecnoanimal.com\\\/#website\"},\"datePublished\":\"2025-12-17T13:31:38+00:00\",\"dateModified\":\"2025-12-29T11:50:43+00:00\",\"breadcrumb\":{\"@id\":\"https:\\\/\\\/tecnoanimal.com\\\/envios-y-devoluciones#breadcrumb\"},\"inLanguage\":\"en-GB\",\"potentialAction\":[{\"@type\":\"ReadAction\",\"target\":[\"https:\\\/\\\/tecnoanimal.com\\\/envios-y-devoluciones\"]}]},{\"@type\":\"BreadcrumbList\",\"@id\":\"https:\\\/\\\/tecnoanimal.com\\\/envios-y-devoluciones#breadcrumb\",\"itemListElement\":[{\"@type\":\"ListItem\",\"position\":1,\"name\":\"Portada\",\"item\":\"https:\\\/\\\/tecnoanimal.com\\\/\"},{\"@type\":\"ListItem\",\"position\":2,\"name\":\"Env\u00edos y Devoluciones\"}]},{\"@type\":\"WebSite\",\"@id\":\"https:\\\/\\\/tecnoanimal.com\\\/#website\",\"url\":\"https:\\\/\\\/tecnoanimal.com\\\/\",\"name\":\"TECNOANIMAL\",\"description\":\"La Tienda Ideal para tu Mascota\",\"publisher\":{\"@id\":\"https:\\\/\\\/tecnoanimal.com\\\/#organization\"},\"potentialAction\":[{\"@type\":\"SearchAction\",\"target\":{\"@type\":\"EntryPoint\",\"urlTemplate\":\"https:\\\/\\\/tecnoanimal.com\\\/?s={search_term_string}\"},\"query-input\":{\"@type\":\"PropertyValueSpecification\",\"valueRequired\":true,\"valueName\":\"search_term_string\"}}],\"inLanguage\":\"en-GB\"},{\"@type\":\"Organization\",\"@id\":\"https:\\\/\\\/tecnoanimal.com\\\/#organization\",\"name\":\"TECNOANIMAL\",\"url\":\"https:\\\/\\\/tecnoanimal.com\\\/\",\"logo\":{\"@type\":\"ImageObject\",\"inLanguage\":\"en-GB\",\"@id\":\"https:\\\/\\\/tecnoanimal.com\\\/#\\\/schema\\\/logo\\\/image\\\/\",\"url\":\"https:\\\/\\\/i0.wp.com\\\/tecnoanimal.com\\\/wp-content\\\/uploads\\\/2025\\\/11\\\/cropped-cropped-cropped-cropped-WhatsApp_Image_2025-11-06_at_18.07.49-removebg-preview.png?fit=435%2C145&ssl=1\",\"contentUrl\":\"https:\\\/\\\/i0.wp.com\\\/tecnoanimal.com\\\/wp-content\\\/uploads\\\/2025\\\/11\\\/cropped-cropped-cropped-cropped-WhatsApp_Image_2025-11-06_at_18.07.49-removebg-preview.png?fit=435%2C145&ssl=1\",\"width\":435,\"height\":145,\"caption\":\"TECNOANIMAL\"},\"image\":{\"@id\":\"https:\\\/\\\/tecnoanimal.com\\\/#\\\/schema\\\/logo\\\/image\\\/\"}}]}<\/script>\n<!-- \/ Yoast SEO plugin. -->","yoast_head_json":{"title":"Env\u00edos y Devoluciones - TECNOANIMAL","robots":{"index":"index","follow":"follow","max-snippet":"max-snippet:-1","max-image-preview":"max-image-preview:large","max-video-preview":"max-video-preview:-1"},"canonical":"https:\/\/tecnoanimal.com\/en\/envios-y-devoluciones\/","og_locale":"en_GB","og_type":"article","og_title":"Env\u00edos y Devoluciones - TECNOANIMAL","og_description":"ENV\u00cdOS Realizamos env\u00edos a toda Espa\u00f1a peninsular.El plazo de entrega habitual es de 24\/48 horas laborables desde la confirmaci\u00f3n del pedido. Los costes de env\u00edo se muestran claramente durante el proceso de compra antes de finalizar el pedido. DEVOLUCIONES Si no est\u00e1s satisfecho con tu compra, dispones de un plazo de 14 d\u00edas naturales desde [&hellip;]","og_url":"https:\/\/tecnoanimal.com\/en\/envios-y-devoluciones\/","og_site_name":"TECNOANIMAL","article_modified_time":"2025-12-29T11:50:43+00:00","twitter_card":"summary_large_image","twitter_misc":{"Estimated reading time":"1 minute"},"schema":{"@context":"https:\/\/schema.org","@graph":[{"@type":"WebPage","@id":"https:\/\/tecnoanimal.com\/envios-y-devoluciones","url":"https:\/\/tecnoanimal.com\/envios-y-devoluciones","name":"Env\u00edos y Devoluciones - TECNOANIMAL","isPartOf":{"@id":"https:\/\/tecnoanimal.com\/#website"},"datePublished":"2025-12-17T13:31:38+00:00","dateModified":"2025-12-29T11:50:43+00:00","breadcrumb":{"@id":"https:\/\/tecnoanimal.com\/envios-y-devoluciones#breadcrumb"},"inLanguage":"en-GB","potentialAction":[{"@type":"ReadAction","target":["https:\/\/tecnoanimal.com\/envios-y-devoluciones"]}]},{"@type":"BreadcrumbList","@id":"https:\/\/tecnoanimal.com\/envios-y-devoluciones#breadcrumb","itemListElement":[{"@type":"ListItem","position":1,"name":"Portada","item":"https:\/\/tecnoanimal.com\/"},{"@type":"ListItem","position":2,"name":"Env\u00edos y Devoluciones"}]},{"@type":"WebSite","@id":"https:\/\/tecnoanimal.com\/#website","url":"https:\/\/tecnoanimal.com\/","name":"TECNOANIMAL","description":"La Tienda Ideal para tu Mascota","publisher":{"@id":"https:\/\/tecnoanimal.com\/#organization"},"potentialAction":[{"@type":"SearchAction","target":{"@type":"EntryPoint","urlTemplate":"https:\/\/tecnoanimal.com\/?s={search_term_string}"},"query-input":{"@type":"PropertyValueSpecification","valueRequired":true,"valueName":"search_term_string"}}],"inLanguage":"en-GB"},{"@type":"Organization","@id":"https:\/\/tecnoanimal.com\/#organization","name":"TECNOANIMAL","url":"https:\/\/tecnoanimal.com\/","logo":{"@type":"ImageObject","inLanguage":"en-GB","@id":"https:\/\/tecnoanimal.com\/#\/schema\/logo\/image\/","url":"https:\/\/i0.wp.com\/tecnoanimal.com\/wp-content\/uploads\/2025\/11\/cropped-cropped-cropped-cropped-WhatsApp_Image_2025-11-06_at_18.07.49-removebg-preview.png?fit=435%2C145&ssl=1","contentUrl":"https:\/\/i0.wp.com\/tecnoanimal.com\/wp-content\/uploads\/2025\/11\/cropped-cropped-cropped-cropped-WhatsApp_Image_2025-11-06_at_18.07.49-removebg-preview.png?fit=435%2C145&ssl=1","width":435,"height":145,"caption":"TECNOANIMAL"},"image":{"@id":"https:\/\/tecnoanimal.com\/#\/schema\/logo\/image\/"}}]}},"jetpack_sharing_enabled":true,"_links":{"self":[{"href":"https:\/\/tecnoanimal.com\/en\/wp-json\/wp\/v2\/pages\/11","targetHints":{"allow":["GET"]}}],"collection":[{"href":"https:\/\/tecnoanimal.com\/en\/wp-json\/wp\/v2\/pages"}],"about":[{"href":"https:\/\/tecnoanimal.com\/en\/wp-json\/wp\/v2\/types\/page"}],"author":[{"embeddable":true,"href":"https:\/\/tecnoanimal.com\/en\/wp-json\/wp\/v2\/users\/1"}],"replies":[{"embeddable":true,"href":"https:\/\/tecnoanimal.com\/en\/wp-json\/wp\/v2\/comments?post=11"}],"version-history":[{"count":0,"href":"https:\/\/tecnoanimal.com\/en\/wp-json\/wp\/v2\/pages\/11\/revisions"}],"wp:attachment":[{"href":"https:\/\/tecnoanimal.com\/en\/wp-json\/wp\/v2\/media?parent=11"}],"curies":[{"name":"wp","href":"https:\/\/api.w.org\/{rel}","templated":true}]}}